{"id":1265,"date":"2024-10-05T11:20:06","date_gmt":"2024-10-05T16:20:06","guid":{"rendered":"https:\/gracias-copy\/"},"modified":"2025-01-28T14:47:59","modified_gmt":"2025-01-28T19:47:59","slug":"gracias-reserva","status":"publish","type":"page","link":"https:\/\/parapentedragonfly.com\/en\/gracias-reserva\/","title":{"rendered":"Thank you for your reservation"},"content":{"rendered":"<div data-elementor-type=\"wp-page\" data-elementor-id=\"1265\" class=\"elementor elementor-1265\" data-elementor-post-type=\"page\">\n\t\t\t\t\t\t<section class=\"elementor-section elementor-top-section elementor-element elementor-element-90f1602 elementor-section-boxed elementor-section-height-default elementor-section-height-default wpr-particle-no wpr-jarallax-no wpr-parallax-no wpr-sticky-section-no wpr-equal-height-no\" data-id=\"90f1602\" data-element_type=\"section\" data-e-type=\"section\">\n\t\t\t\t\t\t<div class=\"elementor-container elementor-column-gap-default\">\n\t\t\t\t\t<div class=\"elementor-column elementor-col-100 elementor-top-column elementor-element elementor-element-66218c7\" data-id=\"66218c7\" data-element_type=\"column\" data-e-type=\"column\">\n\t\t\t<div class=\"elementor-widget-wrap elementor-element-populated\">\n\t\t\t\t\t\t<div class=\"elementor-element elementor-element-6d596ca elementor-widget elementor-widget-spacer\" data-id=\"6d596ca\" data-element_type=\"widget\" data-e-type=\"widget\" data-widget_type=\"spacer.default\">\n\t\t\t\t<div class=\"elementor-widget-container\">\n\t\t\t\t\t\t\t<div class=\"elementor-spacer\">\n\t\t\t<div class=\"elementor-spacer-inner\"><\/div>\n\t\t<\/div>\n\t\t\t\t\t\t<\/div>\n\t\t\t\t<\/div>\n\t\t\t\t\t<\/div>\n\t\t<\/div>\n\t\t\t\t\t<\/div>\n\t\t<\/section>\n\t\t\t\t<section class=\"elementor-section elementor-top-section elementor-element elementor-element-019689c elementor-section-height-min-height elementor-section-boxed elementor-section-height-default elementor-section-items-middle wpr-particle-no wpr-jarallax-no wpr-parallax-no wpr-sticky-section-no wpr-equal-height-no\" data-id=\"019689c\" data-element_type=\"section\" data-e-type=\"section\" data-settings=\"{&quot;background_background&quot;:&quot;classic&quot;}\">\n\t\t\t\t\t\t\t<div class=\"elementor-background-overlay\"><\/div>\n\t\t\t\t\t\t\t<div class=\"elementor-container elementor-column-gap-default\">\n\t\t\t\t\t<div class=\"elementor-column elementor-col-100 elementor-top-column elementor-element elementor-element-01c37ba\" data-id=\"01c37ba\" data-element_type=\"column\" data-e-type=\"column\">\n\t\t\t<div class=\"elementor-widget-wrap elementor-element-populated\">\n\t\t\t\t\t\t<div class=\"elementor-element elementor-element-21aa570 elementor-widget elementor-widget-heading\" data-id=\"21aa570\" data-element_type=\"widget\" data-e-type=\"widget\" data-widget_type=\"heading.default\">\n\t\t\t\t<div class=\"elementor-widget-container\">\n\t\t\t\t\t<h2 class=\"elementor-heading-title elementor-size-default\">THANK YOU<\/h2>\t\t\t\t<\/div>\n\t\t\t\t<\/div>\n\t\t\t\t<div class=\"elementor-element elementor-element-79a6410 elementor-widget elementor-widget-heading\" data-id=\"79a6410\" data-element_type=\"widget\" data-e-type=\"widget\" data-widget_type=\"heading.default\">\n\t\t\t\t<div class=\"elementor-widget-container\">\n\t\t\t\t\t<h2 class=\"elementor-heading-title elementor-size-default\">FOR CHOOSING US<\/h2>\t\t\t\t<\/div>\n\t\t\t\t<\/div>\n\t\t\t\t\t<\/div>\n\t\t<\/div>\n\t\t\t\t\t<\/div>\n\t\t<\/section>\n\t\t\t\t<section class=\"elementor-section elementor-top-section elementor-element elementor-element-82ca2a4 elementor-section-boxed elementor-section-height-default elementor-section-height-default wpr-particle-no wpr-jarallax-no wpr-parallax-no wpr-sticky-section-no wpr-equal-height-no\" data-id=\"82ca2a4\" data-element_type=\"section\" data-e-type=\"section\">\n\t\t\t\t\t\t<div class=\"elementor-container elementor-column-gap-default\">\n\t\t\t\t\t<div class=\"elementor-column elementor-col-100 elementor-top-column elementor-element elementor-element-c29dc86\" data-id=\"c29dc86\" data-element_type=\"column\" data-e-type=\"column\">\n\t\t\t<div class=\"elementor-widget-wrap elementor-element-populated\">\n\t\t\t\t\t\t<div class=\"elementor-element elementor-element-1a109c9 elementor-widget elementor-widget-text-editor\" data-id=\"1a109c9\" data-element_type=\"widget\" data-e-type=\"widget\" data-widget_type=\"text-editor.default\">\n\t\t\t\t<div class=\"elementor-widget-container\">\n\t\t\t\t\t\t\t\t\t<p>Gracias por elegir <strong>Dragon Fly Paragliding<\/strong> para vivir una experiencia inolvidable. Una de nuestras asesoras se pondr\u00e1 en contacto contigo pronto para coordinar los detalles y brindarte informaci\u00f3n sobre el <strong>precio del vuelo en parapente en Medell\u00edn<\/strong> o <strong>San F\u00e9lix<\/strong>.<\/p><p>Mientras tanto, visita nuestras redes sociales y blog para conocer m\u00e1s sobre el parapente, consejos y experiencias de otros aventureros. Si tu reserva es para hoy, cont\u00e1ctanos directamente por WhatsApp para agilizar la coordinaci\u00f3n.<\/p><p>Prep\u00e1rate para disfrutar del <strong>paragliding in Medell\u00edn<\/strong> y <strong>San F\u00e9lix<\/strong>, una actividad que combina libertad, paisajes incre\u00edbles y emoci\u00f3n. \u00a1Nos vemos en el cielo!<\/p>\t\t\t\t\t\t\t\t<\/div>\n\t\t\t\t<\/div>\n\t\t\t\t<div class=\"elementor-element elementor-element-319505f elementor-align-justify elementor-mobile-align-justify elementor-widget elementor-widget-button\" data-id=\"319505f\" data-element_type=\"widget\" data-e-type=\"widget\" data-widget_type=\"button.default\">\n\t\t\t\t<div class=\"elementor-widget-container\">\n\t\t\t\t\t\t\t\t\t<div class=\"elementor-button-wrapper\">\n\t\t\t\t\t<a class=\"elementor-button elementor-button-link elementor-size-md elementor-animation-shrink\" href=\"http:\/\/rebrand.ly\/dragonfly_ig\" target=\"_blank\">\n\t\t\t\t\t\t<span class=\"elementor-button-content-wrapper\">\n\t\t\t\t\t\t<span class=\"elementor-button-icon\">\n\t\t\t\t<i aria-hidden=\"true\" class=\"fab fa-instagram\"><\/i>\t\t\t<\/span>\n\t\t\t\t\t\t\t\t\t<span class=\"elementor-button-text\">Instagram <\/span>\n\t\t\t\t\t<\/span>\n\t\t\t\t\t<\/a>\n\t\t\t\t<\/div>\n\t\t\t\t\t\t\t\t<\/div>\n\t\t\t\t<\/div>\n\t\t\t\t<div class=\"elementor-element elementor-element-3c58c5f elementor-align-justify elementor-mobile-align-justify elementor-widget elementor-widget-button\" data-id=\"3c58c5f\" data-element_type=\"widget\" data-e-type=\"widget\" data-widget_type=\"button.default\">\n\t\t\t\t<div class=\"elementor-widget-container\">\n\t\t\t\t\t\t\t\t\t<div class=\"elementor-button-wrapper\">\n\t\t\t\t\t<a class=\"elementor-button elementor-button-link elementor-size-md elementor-animation-shrink\" href=\"http:\/\/rebrand.ly\/dragonfly_tiktok\" target=\"_blank\">\n\t\t\t\t\t\t<span class=\"elementor-button-content-wrapper\">\n\t\t\t\t\t\t<span class=\"elementor-button-icon\">\n\t\t\t\t<i aria-hidden=\"true\" class=\"fab fa-tiktok\"><\/i>\t\t\t<\/span>\n\t\t\t\t\t\t\t\t\t<span class=\"elementor-button-text\">TikTok<\/span>\n\t\t\t\t\t<\/span>\n\t\t\t\t\t<\/a>\n\t\t\t\t<\/div>\n\t\t\t\t\t\t\t\t<\/div>\n\t\t\t\t<\/div>\n\t\t\t\t<div class=\"elementor-element elementor-element-5aaf7c7 elementor-align-justify elementor-mobile-align-justify elementor-widget elementor-widget-button\" data-id=\"5aaf7c7\" data-element_type=\"widget\" data-e-type=\"widget\" data-widget_type=\"button.default\">\n\t\t\t\t<div class=\"elementor-widget-container\">\n\t\t\t\t\t\t\t\t\t<div class=\"elementor-button-wrapper\">\n\t\t\t\t\t<a class=\"elementor-button elementor-button-link elementor-size-md elementor-animation-shrink\" href=\"http:\/\/rebrand.ly\/dragonfly_fb\" target=\"_blank\">\n\t\t\t\t\t\t<span class=\"elementor-button-content-wrapper\">\n\t\t\t\t\t\t<span class=\"elementor-button-icon\">\n\t\t\t\t<i aria-hidden=\"true\" class=\"fab fa-facebook-f\"><\/i>\t\t\t<\/span>\n\t\t\t\t\t\t\t\t\t<span class=\"elementor-button-text\">Facebook<\/span>\n\t\t\t\t\t<\/span>\n\t\t\t\t\t<\/a>\n\t\t\t\t<\/div>\n\t\t\t\t\t\t\t\t<\/div>\n\t\t\t\t<\/div>\n\t\t\t\t<div class=\"elementor-element elementor-element-12886d7 elementor-align-justify elementor-mobile-align-justify elementor-widget elementor-widget-button\" data-id=\"12886d7\" data-element_type=\"widget\" data-e-type=\"widget\" data-widget_type=\"button.default\">\n\t\t\t\t<div class=\"elementor-widget-container\">\n\t\t\t\t\t\t\t\t\t<div class=\"elementor-button-wrapper\">\n\t\t\t\t\t<a class=\"elementor-button elementor-button-link elementor-size-md elementor-animation-shrink\" href=\"https:\/\/www.youtube.com\/@dragonflyparapente1\" target=\"_blank\">\n\t\t\t\t\t\t<span class=\"elementor-button-content-wrapper\">\n\t\t\t\t\t\t<span class=\"elementor-button-icon\">\n\t\t\t\t<i aria-hidden=\"true\" class=\"fab fa-youtube\"><\/i>\t\t\t<\/span>\n\t\t\t\t\t\t\t\t\t<span class=\"elementor-button-text\">YouTube<\/span>\n\t\t\t\t\t<\/span>\n\t\t\t\t\t<\/a>\n\t\t\t\t<\/div>\n\t\t\t\t\t\t\t\t<\/div>\n\t\t\t\t<\/div>\n\t\t\t\t<div class=\"elementor-element elementor-element-3ea7ca7 elementor-align-justify elementor-mobile-align-justify elementor-widget elementor-widget-button\" data-id=\"3ea7ca7\" data-element_type=\"widget\" data-e-type=\"widget\" data-widget_type=\"button.default\">\n\t\t\t\t<div class=\"elementor-widget-container\">\n\t\t\t\t\t\t\t\t\t<div class=\"elementor-button-wrapper\">\n\t\t\t\t\t<a class=\"elementor-button elementor-button-link elementor-size-md elementor-animation-shrink\" href=\"https:\/blog\/\" target=\"_blank\">\n\t\t\t\t\t\t<span class=\"elementor-button-content-wrapper\">\n\t\t\t\t\t\t<span class=\"elementor-button-icon\">\n\t\t\t\t<i aria-hidden=\"true\" class=\"teenyicon ti-text-document\"><\/i>\t\t\t<\/span>\n\t\t\t\t\t\t\t\t\t<span class=\"elementor-button-text\">Blog<\/span>\n\t\t\t\t\t<\/span>\n\t\t\t\t\t<\/a>\n\t\t\t\t<\/div>\n\t\t\t\t\t\t\t\t<\/div>\n\t\t\t\t<\/div>\n\t\t\t\t<div class=\"elementor-element elementor-element-db54eb3 elementor-align-justify elementor-mobile-align-justify elementor-widget elementor-widget-button\" data-id=\"db54eb3\" data-element_type=\"widget\" data-e-type=\"widget\" data-widget_type=\"button.default\">\n\t\t\t\t<div class=\"elementor-widget-container\">\n\t\t\t\t\t\t\t\t\t<div class=\"elementor-button-wrapper\">\n\t\t\t\t\t<a class=\"elementor-button elementor-button-link elementor-size-md elementor-animation-shrink\" href=\"https:\/\/wa.link\/a1azes\" target=\"_blank\">\n\t\t\t\t\t\t<span class=\"elementor-button-content-wrapper\">\n\t\t\t\t\t\t<span class=\"elementor-button-icon\">\n\t\t\t\t<i aria-hidden=\"true\" class=\"fab fa-whatsapp\"><\/i>\t\t\t<\/span>\n\t\t\t\t\t\t\t\t\t<span class=\"elementor-button-text\">WhatsApp<\/span>\n\t\t\t\t\t<\/span>\n\t\t\t\t\t<\/a>\n\t\t\t\t<\/div>\n\t\t\t\t\t\t\t\t<\/div>\n\t\t\t\t<\/div>\n\t\t\t\t\t<\/div>\n\t\t<\/div>\n\t\t\t\t\t<\/div>\n\t\t<\/section>\n\t\t\t\t<\/div>","protected":false},"excerpt":{"rendered":"<p>THANK YOU FOR CHOOSING US Your reservation has been successfully completed. Very soon, one of our consultants will contact you to coordinate all the details of your experience. For now we invite you to visit our social networks and our blog where you will find additional information to make your paragliding flight an epic adventure. (If your reservation is for today, write us directly by WhatsApp) YouTube Blog WhatsApp<\/p>","protected":false},"author":1,"featured_media":903,"parent":0,"menu_order":0,"comment_status":"closed","ping_status":"closed","template":"","meta":{"footnotes":""},"class_list":["post-1265","page","type-page","status-publish","has-post-thumbnail"],"yoast_head":"<!-- This site is optimized with the Yoast SEO plugin v27.4 - https:\/\/yoast.com\/product\/yoast-seo-wordpress\/ -->\n<title>Gracias por reservar - Dragon Fly Parapente<\/title>\n<meta name=\"description\" content=\"\u00a1Gracias por reservar tu vuelo en parapente Medell\u00edn! Prep\u00e1rate para vivir una experiencia \u00fanica y segura. \u00a1Nos vemos en las alturas!\" \/>\n<meta name=\"robots\" content=\"index, follow, max-snippet:-1, max-image-preview:large, max-video-preview:-1\" \/>\n<link rel=\"canonical\" href=\"https:\/\/parapentedragonfly.com\/en\/gracias-reserva\/\" \/>\n<meta property=\"og:locale\" content=\"en_US\" \/>\n<meta property=\"og:type\" content=\"article\" \/>\n<meta property=\"og:title\" content=\"Gracias por reservar - Dragon Fly Parapente\" \/>\n<meta property=\"og:description\" content=\"\u00a1Gracias por reservar tu vuelo en parapente Medell\u00edn! Prep\u00e1rate para vivir una experiencia \u00fanica y segura. \u00a1Nos vemos en las alturas!\" \/>\n<meta property=\"og:url\" content=\"https:\/\/parapentedragonfly.com\/en\/gracias-reserva\/\" \/>\n<meta property=\"og:site_name\" content=\"Dragon Fly Parapente\" \/>\n<meta property=\"article:publisher\" content=\"https:\/\/web.facebook.com\/dragonflyparapentemedellin\/?_rdc=1&amp;_rdr\" \/>\n<meta property=\"article:modified_time\" content=\"2025-01-28T19:47:59+00:00\" \/>\n<meta property=\"og:image\" content=\"https:\/\/parapentedragonfly.com\/wp-content\/uploads\/2023\/05\/IMG_4275-scaled-e1699975099840.jpg\" \/>\n\t<meta property=\"og:image:width\" content=\"2560\" \/>\n\t<meta property=\"og:image:height\" content=\"844\" \/>\n\t<meta property=\"og:image:type\" content=\"image\/jpeg\" \/>\n<meta name=\"twitter:card\" content=\"summary_large_image\" \/>\n<meta name=\"twitter:label1\" content=\"Est. reading time\" \/>\n\t<meta name=\"twitter:data1\" content=\"1 minute\" \/>\n<script type=\"application\/ld+json\" class=\"yoast-schema-graph\">{\"@context\":\"https:\\\/\\\/schema.org\",\"@graph\":[{\"@type\":\"WebPage\",\"@id\":\"https:\\\/\\\/parapentedragonfly.com\\\/gracias-reserva\\\/\",\"url\":\"https:\\\/\\\/parapentedragonfly.com\\\/gracias-reserva\\\/\",\"name\":\"Gracias por reservar - Dragon Fly Parapente\",\"isPartOf\":{\"@id\":\"https:\\\/\\\/parapentedragonfly.com\\\/#website\"},\"primaryImageOfPage\":{\"@id\":\"https:\\\/\\\/parapentedragonfly.com\\\/gracias-reserva\\\/#primaryimage\"},\"image\":{\"@id\":\"https:\\\/\\\/parapentedragonfly.com\\\/gracias-reserva\\\/#primaryimage\"},\"thumbnailUrl\":\"https:\\\/\\\/parapentedragonfly.com\\\/wp-content\\\/uploads\\\/2023\\\/05\\\/IMG_4275-scaled-e1699975099840.jpg\",\"datePublished\":\"2024-10-05T16:20:06+00:00\",\"dateModified\":\"2025-01-28T19:47:59+00:00\",\"description\":\"\u00a1Gracias por reservar tu vuelo en parapente Medell\u00edn! Prep\u00e1rate para vivir una experiencia \u00fanica y segura. \u00a1Nos vemos en las alturas!\",\"breadcrumb\":{\"@id\":\"https:\\\/\\\/parapentedragonfly.com\\\/gracias-reserva\\\/#breadcrumb\"},\"inLanguage\":\"en-US\",\"potentialAction\":[{\"@type\":\"ReadAction\",\"target\":[\"https:\\\/\\\/parapentedragonfly.com\\\/gracias-reserva\\\/\"]}]},{\"@type\":\"ImageObject\",\"inLanguage\":\"en-US\",\"@id\":\"https:\\\/\\\/parapentedragonfly.com\\\/gracias-reserva\\\/#primaryimage\",\"url\":\"https:\\\/\\\/parapentedragonfly.com\\\/wp-content\\\/uploads\\\/2023\\\/05\\\/IMG_4275-scaled-e1699975099840.jpg\",\"contentUrl\":\"https:\\\/\\\/parapentedragonfly.com\\\/wp-content\\\/uploads\\\/2023\\\/05\\\/IMG_4275-scaled-e1699975099840.jpg\",\"width\":2560,\"height\":844,\"caption\":\"\u00a1Gracias por reservar tu vuelo en parapente! Prep\u00e1rate para vivir una experiencia \u00fanica y segura en Medell\u00edn. \u00a1Nos vemos en las alturas!\"},{\"@type\":\"BreadcrumbList\",\"@id\":\"https:\\\/\\\/parapentedragonfly.com\\\/gracias-reserva\\\/#breadcrumb\",\"itemListElement\":[{\"@type\":\"ListItem\",\"position\":1,\"name\":\"Inicio\",\"item\":\"https:\\\/\\\/parapentedragonfly.com\\\/\"},{\"@type\":\"ListItem\",\"position\":2,\"name\":\"Gracias por reservar\"}]},{\"@type\":\"WebSite\",\"@id\":\"https:\\\/\\\/parapentedragonfly.com\\\/#website\",\"url\":\"https:\\\/\\\/parapentedragonfly.com\\\/\",\"name\":\"Dragon Fly Parapente\",\"description\":\"Parapente en Medell\u00edn\",\"publisher\":{\"@id\":\"https:\\\/\\\/parapentedragonfly.com\\\/#organization\"},\"potentialAction\":[{\"@type\":\"SearchAction\",\"target\":{\"@type\":\"EntryPoint\",\"urlTemplate\":\"https:\\\/\\\/parapentedragonfly.com\\\/?s={search_term_string}\"},\"query-input\":{\"@type\":\"PropertyValueSpecification\",\"valueRequired\":true,\"valueName\":\"search_term_string\"}}],\"inLanguage\":\"en-US\"},{\"@type\":\"Organization\",\"@id\":\"https:\\\/\\\/parapentedragonfly.com\\\/#organization\",\"name\":\"Dragon Fly Parapente\",\"url\":\"https:\\\/\\\/parapentedragonfly.com\\\/\",\"logo\":{\"@type\":\"ImageObject\",\"inLanguage\":\"en-US\",\"@id\":\"https:\\\/\\\/parapentedragonfly.com\\\/#\\\/schema\\\/logo\\\/image\\\/\",\"url\":\"http:\\\/\\\/parapentedragonfly.com\\\/wp-content\\\/uploads\\\/2023\\\/05\\\/Logo.jpg\",\"contentUrl\":\"http:\\\/\\\/parapentedragonfly.com\\\/wp-content\\\/uploads\\\/2023\\\/05\\\/Logo.jpg\",\"width\":1080,\"height\":1080,\"caption\":\"Dragon Fly Parapente\"},\"image\":{\"@id\":\"https:\\\/\\\/parapentedragonfly.com\\\/#\\\/schema\\\/logo\\\/image\\\/\"},\"sameAs\":[\"https:\\\/\\\/web.facebook.com\\\/dragonflyparapentemedellin\\\/?_rdc=1&_rdr\",\"https:\\\/\\\/www.instagram.com\\\/dragonflyparapente\\\/\"]}]}<\/script>\n<!-- \/ Yoast SEO plugin. -->","yoast_head_json":{"title":"Gracias por reservar - Dragon Fly Parapente","description":"\u00a1Gracias por reservar tu vuelo en parapente Medell\u00edn! Prep\u00e1rate para vivir una experiencia \u00fanica y segura. \u00a1Nos vemos en las alturas!","robots":{"index":"index","follow":"follow","max-snippet":"max-snippet:-1","max-image-preview":"max-image-preview:large","max-video-preview":"max-video-preview:-1"},"canonical":"https:\/\/parapentedragonfly.com\/en\/gracias-reserva\/","og_locale":"en_US","og_type":"article","og_title":"Gracias por reservar - Dragon Fly Parapente","og_description":"\u00a1Gracias por reservar tu vuelo en parapente Medell\u00edn! Prep\u00e1rate para vivir una experiencia \u00fanica y segura. \u00a1Nos vemos en las alturas!","og_url":"https:\/\/parapentedragonfly.com\/en\/gracias-reserva\/","og_site_name":"Dragon Fly Parapente","article_publisher":"https:\/\/web.facebook.com\/dragonflyparapentemedellin\/?_rdc=1&_rdr","article_modified_time":"2025-01-28T19:47:59+00:00","og_image":[{"width":2560,"height":844,"url":"https:\/\/parapentedragonfly.com\/wp-content\/uploads\/2023\/05\/IMG_4275-scaled-e1699975099840.jpg","type":"image\/jpeg"}],"twitter_card":"summary_large_image","twitter_misc":{"Est. reading time":"1 minute"},"schema":{"@context":"https:\/\/schema.org","@graph":[{"@type":"WebPage","@id":"https:\/\/parapentedragonfly.com\/gracias-reserva\/","url":"https:\/\/parapentedragonfly.com\/gracias-reserva\/","name":"Gracias por reservar - Dragon Fly Parapente","isPartOf":{"@id":"https:\/\/parapentedragonfly.com\/#website"},"primaryImageOfPage":{"@id":"https:\/\/parapentedragonfly.com\/gracias-reserva\/#primaryimage"},"image":{"@id":"https:\/\/parapentedragonfly.com\/gracias-reserva\/#primaryimage"},"thumbnailUrl":"https:\/\/parapentedragonfly.com\/wp-content\/uploads\/2023\/05\/IMG_4275-scaled-e1699975099840.jpg","datePublished":"2024-10-05T16:20:06+00:00","dateModified":"2025-01-28T19:47:59+00:00","description":"\u00a1Gracias por reservar tu vuelo en parapente Medell\u00edn! Prep\u00e1rate para vivir una experiencia \u00fanica y segura. \u00a1Nos vemos en las alturas!","breadcrumb":{"@id":"https:\/\/parapentedragonfly.com\/gracias-reserva\/#breadcrumb"},"inLanguage":"en-US","potentialAction":[{"@type":"ReadAction","target":["https:\/\/parapentedragonfly.com\/gracias-reserva\/"]}]},{"@type":"ImageObject","inLanguage":"en-US","@id":"https:\/\/parapentedragonfly.com\/gracias-reserva\/#primaryimage","url":"https:\/\/parapentedragonfly.com\/wp-content\/uploads\/2023\/05\/IMG_4275-scaled-e1699975099840.jpg","contentUrl":"https:\/\/parapentedragonfly.com\/wp-content\/uploads\/2023\/05\/IMG_4275-scaled-e1699975099840.jpg","width":2560,"height":844,"caption":"\u00a1Gracias por reservar tu vuelo en parapente! Prep\u00e1rate para vivir una experiencia \u00fanica y segura en Medell\u00edn. \u00a1Nos vemos en las alturas!"},{"@type":"BreadcrumbList","@id":"https:\/\/parapentedragonfly.com\/gracias-reserva\/#breadcrumb","itemListElement":[{"@type":"ListItem","position":1,"name":"Inicio","item":"https:\/\/parapentedragonfly.com\/"},{"@type":"ListItem","position":2,"name":"Gracias por reservar"}]},{"@type":"WebSite","@id":"https:\/\/parapentedragonfly.com\/#website","url":"https:\/\/parapentedragonfly.com\/","name":"Dragon Fly Paragliding","description":"Paragliding in Medell\u00edn","publisher":{"@id":"https:\/\/parapentedragonfly.com\/#organization"},"potentialAction":[{"@type":"SearchAction","target":{"@type":"EntryPoint","urlTemplate":"https:\/\/parapentedragonfly.com\/?s={search_term_string}"},"query-input":{"@type":"PropertyValueSpecification","valueRequired":true,"valueName":"search_term_string"}}],"inLanguage":"en-US"},{"@type":"Organization","@id":"https:\/\/parapentedragonfly.com\/#organization","name":"Dragon Fly Paragliding","url":"https:\/\/parapentedragonfly.com\/","logo":{"@type":"ImageObject","inLanguage":"en-US","@id":"https:\/\/parapentedragonfly.com\/#\/schema\/logo\/image\/","url":"http:\/\/parapentedragonfly.com\/wp-content\/uploads\/2023\/05\/Logo.jpg","contentUrl":"http:\/\/parapentedragonfly.com\/wp-content\/uploads\/2023\/05\/Logo.jpg","width":1080,"height":1080,"caption":"Dragon Fly Parapente"},"image":{"@id":"https:\/\/parapentedragonfly.com\/#\/schema\/logo\/image\/"},"sameAs":["https:\/\/web.facebook.com\/dragonflyparapentemedellin\/?_rdc=1&_rdr","https:\/\/www.instagram.com\/dragonflyparapente\/"]}]}},"_links":{"self":[{"href":"https:\/\/parapentedragonfly.com\/en\/wp-json\/wp\/v2\/pages\/1265","targetHints":{"allow":["GET"]}}],"collection":[{"href":"https:\/\/parapentedragonfly.com\/en\/wp-json\/wp\/v2\/pages"}],"about":[{"href":"https:\/\/parapentedragonfly.com\/en\/wp-json\/wp\/v2\/types\/page"}],"author":[{"embeddable":true,"href":"https:\/\/parapentedragonfly.com\/en\/wp-json\/wp\/v2\/users\/1"}],"replies":[{"embeddable":true,"href":"https:\/\/parapentedragonfly.com\/en\/wp-json\/wp\/v2\/comments?post=1265"}],"version-history":[{"count":0,"href":"https:\/\/parapentedragonfly.com\/en\/wp-json\/wp\/v2\/pages\/1265\/revisions"}],"wp:featuredmedia":[{"embeddable":true,"href":"https:\/\/parapentedragonfly.com\/en\/wp-json\/wp\/v2\/media\/903"}],"wp:attachment":[{"href":"https:\/\/parapentedragonfly.com\/en\/wp-json\/wp\/v2\/media?parent=1265"}],"curies":[{"name":"wp","href":"https:\/\/api.w.org\/{rel}","templated":true}]}}