{"id":281,"date":"2023-04-12T19:37:07","date_gmt":"2023-04-13T00:37:07","guid":{"rendered":"https:\/\/dimark.co\/dragonfly\/servicios\/cumpleanos-copy\/"},"modified":"2026-03-01T22:38:56","modified_gmt":"2026-03-02T03:38:56","slug":"aniversarios-y-fechas-especiales","status":"publish","type":"page","link":"https:\/\/parapentedragonfly.com\/fr\/services\/anniversaires-et-dates-speciales-2\/","title":{"rendered":"Anniversaires et dates sp\u00e9ciales"},"content":{"rendered":"\t\t<div data-elementor-type=\"wp-page\" data-elementor-id=\"281\" class=\"elementor elementor-281\" data-elementor-post-type=\"page\">\n\t\t\t\t\t\t<section class=\"elementor-section elementor-top-section elementor-element elementor-element-019689c elementor-section-height-min-height elementor-section-boxed elementor-section-height-default elementor-section-items-middle wpr-particle-no wpr-jarallax-no wpr-parallax-no wpr-sticky-section-no wpr-equal-height-no\" data-id=\"019689c\" data-element_type=\"section\" data-e-type=\"section\" data-settings=\"{&quot;background_background&quot;:&quot;classic&quot;}\">\n\t\t\t\t\t\t\t<div class=\"elementor-background-overlay\"><\/div>\n\t\t\t\t\t\t\t<div class=\"elementor-container elementor-column-gap-default\">\n\t\t\t\t\t<div class=\"elementor-column elementor-col-100 elementor-top-column elementor-element elementor-element-01c37ba\" data-id=\"01c37ba\" data-element_type=\"column\" data-e-type=\"column\">\n\t\t\t<div class=\"elementor-widget-wrap elementor-element-populated\">\n\t\t\t\t\t\t<div class=\"elementor-element elementor-element-79a6410 elementor-widget elementor-widget-heading\" data-id=\"79a6410\" data-element_type=\"widget\" data-e-type=\"widget\" data-widget_type=\"heading.default\">\n\t\t\t\t<div class=\"elementor-widget-container\">\n\t\t\t\t\t<h2 class=\"elementor-heading-title elementor-size-default\">Dragon Fly Parapente<\/h2>\t\t\t\t<\/div>\n\t\t\t\t<\/div>\n\t\t\t\t<div class=\"elementor-element elementor-element-21aa570 elementor-widget elementor-widget-heading\" data-id=\"21aa570\" data-element_type=\"widget\" data-e-type=\"widget\" data-widget_type=\"heading.default\">\n\t\t\t\t<div class=\"elementor-widget-container\">\n\t\t\t\t\t<h2 class=\"elementor-heading-title elementor-size-default\">Servicios<\/h2>\t\t\t\t<\/div>\n\t\t\t\t<\/div>\n\t\t\t\t<div class=\"elementor-element elementor-element-bbd69be elementor-widget elementor-widget-heading\" data-id=\"bbd69be\" data-element_type=\"widget\" data-e-type=\"widget\" data-widget_type=\"heading.default\">\n\t\t\t\t<div class=\"elementor-widget-container\">\n\t\t\t\t\t<h2 class=\"elementor-heading-title elementor-size-default\">VUELOS DE Aniversarios y fechas especiales<\/h2>\t\t\t\t<\/div>\n\t\t\t\t<\/div>\n\t\t\t\t\t<\/div>\n\t\t<\/div>\n\t\t\t\t\t<\/div>\n\t\t<\/section>\n\t\t\t\t<section class=\"elementor-section elementor-top-section elementor-element elementor-element-3e566e8 elementor-section-boxed elementor-section-height-default elementor-section-height-default wpr-particle-no wpr-jarallax-no wpr-parallax-no wpr-sticky-section-no wpr-equal-height-no\" data-id=\"3e566e8\" data-element_type=\"section\" data-e-type=\"section\" data-settings=\"{&quot;background_background&quot;:&quot;gradient&quot;}\">\n\t\t\t\t\t\t\t<div class=\"elementor-background-overlay\"><\/div>\n\t\t\t\t\t\t\t<div class=\"elementor-container elementor-column-gap-default\">\n\t\t\t\t\t<div class=\"elementor-column elementor-col-100 elementor-top-column elementor-element elementor-element-4546659\" data-id=\"4546659\" data-element_type=\"column\" data-e-type=\"column\">\n\t\t\t<div class=\"elementor-widget-wrap elementor-element-populated\">\n\t\t\t\t\t\t<section class=\"elementor-section elementor-inner-section elementor-element elementor-element-4c49e26 elementor-section-boxed elementor-section-height-default elementor-section-height-default wpr-particle-no wpr-jarallax-no wpr-parallax-no wpr-sticky-section-no wpr-equal-height-no\" data-id=\"4c49e26\" data-element_type=\"section\" data-e-type=\"section\">\n\t\t\t\t\t\t<div class=\"elementor-container elementor-column-gap-default\">\n\t\t\t\t\t<div class=\"elementor-column elementor-col-50 elementor-inner-column elementor-element elementor-element-ce53f18 elementor-invisible\" data-id=\"ce53f18\" data-element_type=\"column\" data-e-type=\"column\" data-settings=\"{&quot;animation&quot;:&quot;fadeInUp&quot;}\">\n\t\t\t<div class=\"elementor-widget-wrap elementor-element-populated\">\n\t\t\t\t\t\t<div class=\"elementor-element elementor-element-2495bd4 elementor-widget elementor-widget-spacer\" data-id=\"2495bd4\" data-element_type=\"widget\" data-e-type=\"widget\" data-widget_type=\"spacer.default\">\n\t\t\t\t<div class=\"elementor-widget-container\">\n\t\t\t\t\t\t\t<div class=\"elementor-spacer\">\n\t\t\t<div class=\"elementor-spacer-inner\"><\/div>\n\t\t<\/div>\n\t\t\t\t\t\t<\/div>\n\t\t\t\t<\/div>\n\t\t\t\t\t<\/div>\n\t\t<\/div>\n\t\t\t\t<div class=\"elementor-column elementor-col-50 elementor-inner-column elementor-element elementor-element-ea8b386 elementor-invisible\" data-id=\"ea8b386\" data-element_type=\"column\" data-e-type=\"column\" data-settings=\"{&quot;animation&quot;:&quot;fadeInRight&quot;}\">\n\t\t\t<div class=\"elementor-widget-wrap elementor-element-populated\">\n\t\t\t\t\t\t<div class=\"elementor-element elementor-element-c026ff2 elementor-widget elementor-widget-heading\" data-id=\"c026ff2\" data-element_type=\"widget\" data-e-type=\"widget\" data-widget_type=\"heading.default\">\n\t\t\t\t<div class=\"elementor-widget-container\">\n\t\t\t\t\t<h2 class=\"elementor-heading-title elementor-size-default\">Precios parapente en San F\u00e9lix<\/h2>\t\t\t\t<\/div>\n\t\t\t\t<\/div>\n\t\t\t\t<div class=\"elementor-element elementor-element-35be4c3 elementor-position-inline-start elementor-mobile-position-inline-start elementor-view-default elementor-widget elementor-widget-icon-box\" data-id=\"35be4c3\" data-element_type=\"widget\" data-e-type=\"widget\" data-widget_type=\"icon-box.default\">\n\t\t\t\t<div class=\"elementor-widget-container\">\n\t\t\t\t\t\t\t<div class=\"elementor-icon-box-wrapper\">\n\n\t\t\t\t\t\t<div class=\"elementor-icon-box-icon\">\n\t\t\t\t<span  class=\"elementor-icon\">\n\t\t\t\t<i aria-hidden=\"true\" class=\"remixicon ri-time-line\"><\/i>\t\t\t\t<\/span>\n\t\t\t<\/div>\n\t\t\t\n\t\t\t\t\t\t<div class=\"elementor-icon-box-content\">\n\n\t\t\t\t\n\t\t\t\t\t\t\t\t\t<p class=\"elementor-icon-box-description\">\n\t\t\t\t\t\t15 min: COP $220.000<bR>\n20 min: COP $290.000<br>\n30 min: COP $440.000\t\t\t\t\t<\/p>\n\t\t\t\t\n\t\t\t<\/div>\n\t\t\t\n\t\t<\/div>\n\t\t\t\t\t\t<\/div>\n\t\t\t\t<\/div>\n\t\t\t\t<div class=\"elementor-element elementor-element-6e03013 elementor-widget elementor-widget-heading\" data-id=\"6e03013\" data-element_type=\"widget\" data-e-type=\"widget\" data-widget_type=\"heading.default\">\n\t\t\t\t<div class=\"elementor-widget-container\">\n\t\t\t\t\t<h2 class=\"elementor-heading-title elementor-size-default\">Incluye<\/h2>\t\t\t\t<\/div>\n\t\t\t\t<\/div>\n\t\t\t\t<div class=\"elementor-element elementor-element-d3a4251 elementor-icon-list--layout-traditional elementor-list-item-link-full_width elementor-widget elementor-widget-icon-list\" data-id=\"d3a4251\" data-element_type=\"widget\" data-e-type=\"widget\" data-widget_type=\"icon-list.default\">\n\t\t\t\t<div class=\"elementor-widget-container\">\n\t\t\t\t\t\t\t<ul class=\"elementor-icon-list-items\">\n\t\t\t\t\t\t\t<li class=\"elementor-icon-list-item\">\n\t\t\t\t\t\t\t\t\t\t\t<span class=\"elementor-icon-list-icon\">\n\t\t\t\t\t\t\t<i aria-hidden=\"true\" class=\"fas fa-check\"><\/i>\t\t\t\t\t\t<\/span>\n\t\t\t\t\t\t\t\t\t\t<span class=\"elementor-icon-list-text\">Acompa\u00f1amiento de pilotos expertos.<\/span>\n\t\t\t\t\t\t\t\t\t<\/li>\n\t\t\t\t\t\t\t\t<li class=\"elementor-icon-list-item\">\n\t\t\t\t\t\t\t\t\t\t\t<span class=\"elementor-icon-list-icon\">\n\t\t\t\t\t\t\t<i aria-hidden=\"true\" class=\"remixicon ri-flight-takeoff-fill\"><\/i>\t\t\t\t\t\t<\/span>\n\t\t\t\t\t\t\t\t\t\t<span class=\"elementor-icon-list-text\">Uso de la pista de despegue.<\/span>\n\t\t\t\t\t\t\t\t\t<\/li>\n\t\t\t\t\t\t\t\t<li class=\"elementor-icon-list-item\">\n\t\t\t\t\t\t\t\t\t\t\t<span class=\"elementor-icon-list-icon\">\n\t\t\t\t\t\t\t<i aria-hidden=\"true\" class=\"fas fa-hand-holding-medical\"><\/i>\t\t\t\t\t\t<\/span>\n\t\t\t\t\t\t\t\t\t\t<span class=\"elementor-icon-list-text\">Tarjeta de asistencia m\u00e9dica.<\/span>\n\t\t\t\t\t\t\t\t\t<\/li>\n\t\t\t\t\t\t\t\t<li class=\"elementor-icon-list-item\">\n\t\t\t\t\t\t\t\t\t\t\t<span class=\"elementor-icon-list-icon\">\n\t\t\t\t\t\t\t<i aria-hidden=\"true\" class=\"teenyicon ti-car\"><\/i>\t\t\t\t\t\t<\/span>\n\t\t\t\t\t\t\t\t\t\t<span class=\"elementor-icon-list-text\">Transporte de regreso al sitio de vuelo en caso de aterrizar en un lugar diferente (depende del clima).<\/span>\n\t\t\t\t\t\t\t\t\t<\/li>\n\t\t\t\t\t\t<\/ul>\n\t\t\t\t\t\t<\/div>\n\t\t\t\t<\/div>\n\t\t\t\t<div class=\"elementor-element elementor-element-17389e5 elementor-widget elementor-widget-text-editor\" data-id=\"17389e5\" data-element_type=\"widget\" data-e-type=\"widget\" data-widget_type=\"text-editor.default\">\n\t\t\t\t<div class=\"elementor-widget-container\">\n\t\t\t\t\t\t\t\t\t<p>*Pancartas y pendonas personalizados alusivos a la fecha especial (deben ser solicitados con antelaci\u00f3n).<\/p>\t\t\t\t\t\t\t\t<\/div>\n\t\t\t\t<\/div>\n\t\t\t\t\t<\/div>\n\t\t<\/div>\n\t\t\t\t\t<\/div>\n\t\t<\/section>\n\t\t\t\t<section class=\"elementor-section elementor-inner-section elementor-element elementor-element-42728cb elementor-section-boxed elementor-section-height-default elementor-section-height-default wpr-particle-no wpr-jarallax-no wpr-parallax-no wpr-sticky-section-no wpr-equal-height-no\" data-id=\"42728cb\" data-element_type=\"section\" data-e-type=\"section\">\n\t\t\t\t\t\t<div class=\"elementor-container elementor-column-gap-default\">\n\t\t\t\t\t<div class=\"elementor-column elementor-col-100 elementor-inner-column elementor-element elementor-element-7d8c288\" data-id=\"7d8c288\" data-element_type=\"column\" data-e-type=\"column\">\n\t\t\t<div class=\"elementor-widget-wrap\">\n\t\t\t\t\t\t\t<\/div>\n\t\t<\/div>\n\t\t\t\t\t<\/div>\n\t\t<\/section>\n\t\t\t\t<section class=\"elementor-section elementor-inner-section elementor-element elementor-element-cbe578d elementor-section-boxed elementor-section-height-default elementor-section-height-default wpr-particle-no wpr-jarallax-no wpr-parallax-no wpr-sticky-section-no wpr-equal-height-no\" data-id=\"cbe578d\" data-element_type=\"section\" data-e-type=\"section\">\n\t\t\t\t\t\t<div class=\"elementor-container elementor-column-gap-narrow\">\n\t\t\t\t\t<div class=\"elementor-column elementor-col-100 elementor-inner-column elementor-element elementor-element-fe70051\" data-id=\"fe70051\" data-element_type=\"column\" data-e-type=\"column\">\n\t\t\t<div class=\"elementor-widget-wrap elementor-element-populated\">\n\t\t\t\t\t\t<div class=\"elementor-element elementor-element-abb2b33 elementor-widget elementor-widget-heading\" data-id=\"abb2b33\" data-element_type=\"widget\" data-e-type=\"widget\" data-widget_type=\"heading.default\">\n\t\t\t\t<div class=\"elementor-widget-container\">\n\t\t\t\t\t<h2 class=\"elementor-heading-title elementor-size-default\">Reserva<\/h2>\t\t\t\t<\/div>\n\t\t\t\t<\/div>\n\t\t\t\t<div class=\"elementor-element elementor-element-03bf26a elementor-widget elementor-widget-stepbooking\" data-id=\"03bf26a\" data-element_type=\"widget\" data-e-type=\"widget\" data-widget_type=\"stepbooking.default\">\n\t\t\t\t<div class=\"elementor-widget-container\">\n\t\t\t\t\t\n<script>\n  if (typeof hasAmeliaEntitiesApiCall === 'undefined' && ('' === '' && '' !== '1')) {\n    var hasAmeliaEntitiesApiCall = true;\n  }\n  var ameliaShortcodeData = (typeof ameliaShortcodeData === 'undefined') ? [] : ameliaShortcodeData;\n  ameliaShortcodeData.push(\n    {\n      'hasApiCall': (typeof hasAmeliaEntitiesApiCall !== 'undefined') && hasAmeliaEntitiesApiCall,\n      'trigger': '',\n      'trigger_type': '',\n      'triggered_form': 'sbsNew',\n      'in_dialog': '',\n      'show': '',\n      'counter': '1000',\n      'category': '9',\n      'service': '',\n      'employee': '',\n      'location': '',\n      'package': '',\n      'layout': '1',\n    }\n  );\n\n  var ameliaShortcodeDataTriggered = (typeof ameliaShortcodeDataTriggered === 'undefined') ? [] : ameliaShortcodeDataTriggered;\n  if (ameliaShortcodeData[ameliaShortcodeData.length - 1].trigger !== '') {\n    if (ameliaShortcodeDataTriggered.filter(a => a.counter === ameliaShortcodeData[ameliaShortcodeData.length - 1].counter).length === 0) {\n      ameliaShortcodeDataTriggered.push(ameliaShortcodeData.pop());\n    } else {\n      ameliaShortcodeData.pop()\n    }\n  }\n  if (typeof hasAmeliaEntitiesApiCall !== 'undefined' && hasAmeliaEntitiesApiCall) {\n    hasAmeliaEntitiesApiCall = false;\n  }\n<\/script>\n\n<div\n  id=\"amelia-v2-booking-1000\"\n  class=\"amelia-v2-booking\"\n >\n    <step-form-wrapper><\/step-form-wrapper><\/div>\n\t\t\t\t<\/div>\n\t\t\t\t<\/div>\n\t\t\t\t\t<\/div>\n\t\t<\/div>\n\t\t\t\t\t<\/div>\n\t\t<\/section>\n\t\t\t\t\t<\/div>\n\t\t<\/div>\n\t\t\t\t\t<\/div>\n\t\t<\/section>\n\t\t\t\t<\/div>\n\t\t","protected":false},"excerpt":{"rendered":"<p>Dragon Fly Parapente Servicios VUELOS DE Aniversarios y fechas especiales Precios parapente en San F\u00e9lix 15 min: COP $220.000 20 min: COP $290.000 30 min: COP $440.000 Incluye Acompa\u00f1amiento de pilotos expertos. Uso de la pista de despegue. Tarjeta de asistencia m\u00e9dica. Transporte de regreso al sitio de vuelo en caso de aterrizar en un lugar diferente (depende del clima). *Pancartas y pendonas personalizados alusivos a la fecha especial (deben ser solicitados con antelaci\u00f3n). Please reauthorize instagram Reserva<\/p>","protected":false},"author":1,"featured_media":0,"parent":128,"menu_order":0,"comment_status":"closed","ping_status":"closed","template":"elementor_canvas","meta":{"footnotes":""},"class_list":["post-281","page","type-page","status-publish"],"yoast_head":"<!-- This site is optimized with the Yoast SEO plugin v27.4 - https:\/\/yoast.com\/product\/yoast-seo-wordpress\/ -->\n<title>Aniversarios y fechas especiales - Dragon Fly Parapente<\/title>\n<meta name=\"robots\" content=\"index, follow, max-snippet:-1, max-image-preview:large, max-video-preview:-1\" \/>\n<link rel=\"canonical\" href=\"https:\/\/parapentedragonfly.com\/fr\/services\/anniversaires-et-dates-speciales-2\/\" \/>\n<meta property=\"og:locale\" content=\"fr_FR\" \/>\n<meta property=\"og:type\" content=\"article\" \/>\n<meta property=\"og:title\" content=\"Aniversarios y fechas especiales - Dragon Fly Parapente\" \/>\n<meta property=\"og:description\" content=\"Dragon Fly Parapente Servicios VUELOS DE Aniversarios y fechas especiales Precios parapente en San F\u00e9lix 15 min: COP $220.000 20 min: COP $290.000 30 min: COP $440.000 Incluye Acompa\u00f1amiento de pilotos expertos. Uso de la pista de despegue. Tarjeta de asistencia m\u00e9dica. Transporte de regreso al sitio de vuelo en caso de aterrizar en un lugar diferente (depende del clima). *Pancartas y pendonas personalizados alusivos a la fecha especial (deben ser solicitados con antelaci\u00f3n). Please reauthorize instagram Reserva\" \/>\n<meta property=\"og:url\" content=\"https:\/\/parapentedragonfly.com\/fr\/services\/anniversaires-et-dates-speciales-2\/\" \/>\n<meta property=\"og:site_name\" content=\"Dragon Fly Parapente\" \/>\n<meta property=\"article:publisher\" content=\"https:\/\/web.facebook.com\/dragonflyparapentemedellin\/?_rdc=1&amp;_rdr\" \/>\n<meta property=\"article:modified_time\" content=\"2026-03-02T03:38:56+00:00\" \/>\n<meta name=\"twitter:card\" content=\"summary_large_image\" \/>\n<meta name=\"twitter:label1\" content=\"Dur\u00e9e de lecture estim\u00e9e\" \/>\n\t<meta name=\"twitter:data1\" content=\"1 minute\" \/>\n<script type=\"application\/ld+json\" class=\"yoast-schema-graph\">{\"@context\":\"https:\\\/\\\/schema.org\",\"@graph\":[{\"@type\":\"WebPage\",\"@id\":\"https:\\\/\\\/parapentedragonfly.com\\\/servicios\\\/aniversarios-y-fechas-especiales\\\/\",\"url\":\"https:\\\/\\\/parapentedragonfly.com\\\/servicios\\\/aniversarios-y-fechas-especiales\\\/\",\"name\":\"Aniversarios y fechas especiales - Dragon Fly Parapente\",\"isPartOf\":{\"@id\":\"https:\\\/\\\/parapentedragonfly.com\\\/#website\"},\"datePublished\":\"2023-04-13T00:37:07+00:00\",\"dateModified\":\"2026-03-02T03:38:56+00:00\",\"breadcrumb\":{\"@id\":\"https:\\\/\\\/parapentedragonfly.com\\\/servicios\\\/aniversarios-y-fechas-especiales\\\/#breadcrumb\"},\"inLanguage\":\"fr-FR\",\"potentialAction\":[{\"@type\":\"ReadAction\",\"target\":[\"https:\\\/\\\/parapentedragonfly.com\\\/servicios\\\/aniversarios-y-fechas-especiales\\\/\"]}]},{\"@type\":\"BreadcrumbList\",\"@id\":\"https:\\\/\\\/parapentedragonfly.com\\\/servicios\\\/aniversarios-y-fechas-especiales\\\/#breadcrumb\",\"itemListElement\":[{\"@type\":\"ListItem\",\"position\":1,\"name\":\"Inicio\",\"item\":\"https:\\\/\\\/parapentedragonfly.com\\\/\"},{\"@type\":\"ListItem\",\"position\":2,\"name\":\"Servicios\",\"item\":\"https:\\\/\\\/parapentedragonfly.com\\\/servicios\\\/\"},{\"@type\":\"ListItem\",\"position\":3,\"name\":\"Aniversarios y fechas especiales\"}]},{\"@type\":\"WebSite\",\"@id\":\"https:\\\/\\\/parapentedragonfly.com\\\/#website\",\"url\":\"https:\\\/\\\/parapentedragonfly.com\\\/\",\"name\":\"Dragon Fly Parapente\",\"description\":\"Parapente en Medell\u00edn\",\"publisher\":{\"@id\":\"https:\\\/\\\/parapentedragonfly.com\\\/#organization\"},\"potentialAction\":[{\"@type\":\"SearchAction\",\"target\":{\"@type\":\"EntryPoint\",\"urlTemplate\":\"https:\\\/\\\/parapentedragonfly.com\\\/?s={search_term_string}\"},\"query-input\":{\"@type\":\"PropertyValueSpecification\",\"valueRequired\":true,\"valueName\":\"search_term_string\"}}],\"inLanguage\":\"fr-FR\"},{\"@type\":\"Organization\",\"@id\":\"https:\\\/\\\/parapentedragonfly.com\\\/#organization\",\"name\":\"Dragon Fly Parapente\",\"url\":\"https:\\\/\\\/parapentedragonfly.com\\\/\",\"logo\":{\"@type\":\"ImageObject\",\"inLanguage\":\"fr-FR\",\"@id\":\"https:\\\/\\\/parapentedragonfly.com\\\/#\\\/schema\\\/logo\\\/image\\\/\",\"url\":\"http:\\\/\\\/parapentedragonfly.com\\\/wp-content\\\/uploads\\\/2023\\\/05\\\/Logo.jpg\",\"contentUrl\":\"http:\\\/\\\/parapentedragonfly.com\\\/wp-content\\\/uploads\\\/2023\\\/05\\\/Logo.jpg\",\"width\":1080,\"height\":1080,\"caption\":\"Dragon Fly Parapente\"},\"image\":{\"@id\":\"https:\\\/\\\/parapentedragonfly.com\\\/#\\\/schema\\\/logo\\\/image\\\/\"},\"sameAs\":[\"https:\\\/\\\/web.facebook.com\\\/dragonflyparapentemedellin\\\/?_rdc=1&_rdr\",\"https:\\\/\\\/www.instagram.com\\\/dragonflyparapente\\\/\"]}]}<\/script>\n<!-- \/ Yoast SEO plugin. -->","yoast_head_json":{"title":"Anniversaires et dates sp\u00e9ciales - Dragon Fly Paragliding","robots":{"index":"index","follow":"follow","max-snippet":"max-snippet:-1","max-image-preview":"max-image-preview:large","max-video-preview":"max-video-preview:-1"},"canonical":"https:\/\/parapentedragonfly.com\/fr\/services\/anniversaires-et-dates-speciales-2\/","og_locale":"fr_FR","og_type":"article","og_title":"Aniversarios y fechas especiales - Dragon Fly Parapente","og_description":"Dragon Fly Parapente Servicios VUELOS DE Aniversarios y fechas especiales Precios parapente en San F\u00e9lix 15 min: COP $220.000 20 min: COP $290.000 30 min: COP $440.000 Incluye Acompa\u00f1amiento de pilotos expertos. Uso de la pista de despegue. Tarjeta de asistencia m\u00e9dica. Transporte de regreso al sitio de vuelo en caso de aterrizar en un lugar diferente (depende del clima). *Pancartas y pendonas personalizados alusivos a la fecha especial (deben ser solicitados con antelaci\u00f3n). Please reauthorize instagram Reserva","og_url":"https:\/\/parapentedragonfly.com\/fr\/services\/anniversaires-et-dates-speciales-2\/","og_site_name":"Dragon Fly Parapente","article_publisher":"https:\/\/web.facebook.com\/dragonflyparapentemedellin\/?_rdc=1&_rdr","article_modified_time":"2026-03-02T03:38:56+00:00","twitter_card":"summary_large_image","twitter_misc":{"Dur\u00e9e de lecture estim\u00e9e":"1 minute"},"schema":{"@context":"https:\/\/schema.org","@graph":[{"@type":"WebPage","@id":"https:\/\/parapentedragonfly.com\/servicios\/aniversarios-y-fechas-especiales\/","url":"https:\/\/parapentedragonfly.com\/servicios\/aniversarios-y-fechas-especiales\/","name":"Anniversaires et dates sp\u00e9ciales - Dragon Fly Paragliding","isPartOf":{"@id":"https:\/\/parapentedragonfly.com\/#website"},"datePublished":"2023-04-13T00:37:07+00:00","dateModified":"2026-03-02T03:38:56+00:00","breadcrumb":{"@id":"https:\/\/parapentedragonfly.com\/servicios\/aniversarios-y-fechas-especiales\/#breadcrumb"},"inLanguage":"fr-FR","potentialAction":[{"@type":"ReadAction","target":["https:\/\/parapentedragonfly.com\/servicios\/aniversarios-y-fechas-especiales\/"]}]},{"@type":"BreadcrumbList","@id":"https:\/\/parapentedragonfly.com\/servicios\/aniversarios-y-fechas-especiales\/#breadcrumb","itemListElement":[{"@type":"ListItem","position":1,"name":"Inicio","item":"https:\/\/parapentedragonfly.com\/"},{"@type":"ListItem","position":2,"name":"Servicios","item":"https:\/\/parapentedragonfly.com\/servicios\/"},{"@type":"ListItem","position":3,"name":"Aniversarios y fechas especiales"}]},{"@type":"WebSite","@id":"https:\/\/parapentedragonfly.com\/#website","url":"https:\/\/parapentedragonfly.com\/","name":"Dragon Fly Paragliding","description":"Parapente \u00e0 Medell\u00edn","publisher":{"@id":"https:\/\/parapentedragonfly.com\/#organization"},"potentialAction":[{"@type":"SearchAction","target":{"@type":"EntryPoint","urlTemplate":"https:\/\/parapentedragonfly.com\/?s={search_term_string}"},"query-input":{"@type":"PropertyValueSpecification","valueRequired":true,"valueName":"search_term_string"}}],"inLanguage":"fr-FR"},{"@type":"Organization","@id":"https:\/\/parapentedragonfly.com\/#organization","name":"Dragon Fly Paragliding","url":"https:\/\/parapentedragonfly.com\/","logo":{"@type":"ImageObject","inLanguage":"fr-FR","@id":"https:\/\/parapentedragonfly.com\/#\/schema\/logo\/image\/","url":"http:\/\/parapentedragonfly.com\/wp-content\/uploads\/2023\/05\/Logo.jpg","contentUrl":"http:\/\/parapentedragonfly.com\/wp-content\/uploads\/2023\/05\/Logo.jpg","width":1080,"height":1080,"caption":"Dragon Fly Parapente"},"image":{"@id":"https:\/\/parapentedragonfly.com\/#\/schema\/logo\/image\/"},"sameAs":["https:\/\/web.facebook.com\/dragonflyparapentemedellin\/?_rdc=1&_rdr","https:\/\/www.instagram.com\/dragonflyparapente\/"]}]}},"_links":{"self":[{"href":"https:\/\/parapentedragonfly.com\/fr\/wp-json\/wp\/v2\/pages\/281","targetHints":{"allow":["GET"]}}],"collection":[{"href":"https:\/\/parapentedragonfly.com\/fr\/wp-json\/wp\/v2\/pages"}],"about":[{"href":"https:\/\/parapentedragonfly.com\/fr\/wp-json\/wp\/v2\/types\/page"}],"author":[{"embeddable":true,"href":"https:\/\/parapentedragonfly.com\/fr\/wp-json\/wp\/v2\/users\/1"}],"replies":[{"embeddable":true,"href":"https:\/\/parapentedragonfly.com\/fr\/wp-json\/wp\/v2\/comments?post=281"}],"version-history":[{"count":0,"href":"https:\/\/parapentedragonfly.com\/fr\/wp-json\/wp\/v2\/pages\/281\/revisions"}],"up":[{"embeddable":true,"href":"https:\/\/parapentedragonfly.com\/fr\/wp-json\/wp\/v2\/pages\/128"}],"wp:attachment":[{"href":"https:\/\/parapentedragonfly.com\/fr\/wp-json\/wp\/v2\/media?parent=281"}],"curies":[{"name":"wp","href":"https:\/\/api.w.org\/{rel}","templated":true}]}}